{"id":4958,"date":"2023-09-20T08:31:55","date_gmt":"2023-09-20T06:31:55","guid":{"rendered":"https:\/\/www.ribo-srl.it\/?page_id=4958"},"modified":"2023-10-04T14:35:43","modified_gmt":"2023-10-04T12:35:43","slug":"a-identita","status":"publish","type":"page","link":"https:\/\/www.ribo-srl.it\/index.php\/a-identita\/","title":{"rendered":"chi siamo"},"content":{"rendered":"<p>[vc_row row_content_width=&#8221;grid&#8221; css=&#8221;.vc_custom_1511424629129{padding-top: 86px !important;padding-bottom: 85px !important;}&#8221;][vc_column offset=&#8221;vc_col-lg-4 vc_col-md-12 vc_col-xs-12&#8243;][vc_empty_space height=&#8221;5px&#8221;][vc_single_image image=&#8221;5539&#8243; img_size=&#8221;full&#8221; alignment=&#8221;center&#8221;][\/vc_column][vc_column offset=&#8221;vc_col-lg-8 vc_col-md-12 vc_col-xs-12&#8243;]<div class=\"edgtf-elements-holder   edgtf-one-column  edgtf-responsive-mode-768 \" ><div class=\"edgtf-eh-item    \"  data-item-class=\"edgtf-eh-custom-4245\">\n\t<div class=\"edgtf-eh-item-inner\">\n\t\t<div class=\"edgtf-eh-item-content edgtf-eh-custom-4245\" style=\"padding: 0 11% 0 13%\">\n\t\t\t[vc_column_text]<\/p>\n<h5>Nel 1983, in un piccolo laboratorio artigiano, prendeva forma una nuova realt\u00e0 produttiva:<br \/>\n<strong>Nasceva Rib\u00f2.<\/strong><\/h5>\n<h6>Una vera e propria \u201csartoria del mobile\u201d nel raffinato mondo dell\u2019impiallacciatura, valido partner delle pi\u00f9 importanti aziende del settore dell\u2019arredamento.<\/h6>\n<h6>Dal 2010, con una nuova e promettente idea, Rib\u00f2 coltiva al suo interno un reparto per promuovere e produrre complementi d\u2019arredo in alluminio fornendo cos\u00ec una linea di prodotti pi\u00f9 ampia e diversificata:<br \/>\nnasce cos\u00ec la produzione di specchiere d\u2019arredo ed accessori per mobili.<\/h6>\n<h6>Una fusione fra artigianato e tecnologia, fra innovazione e tradizione hanno reso Rib\u00f2 una realt\u00e0 versatile e dinamica: sempre pronta alle esigenze del mercato, sia classico che moderno.<\/h6>\n<h6>Oggi, il rinnovamento tecnologico e le nuove modalit\u00e0 di lavoro ci permettono un costante sviluppo, pur conservando saldi i valori che ci hanno condotto fino a qui.<\/h6>\n<h6>Consapevoli dell\u2019importanza di una efficace attivit\u00e0 di ricerca e sviluppo, selezioniamo giornalmente materiali di elevata qualit\u00e0 proponendo prodotti che rispettino esigenze di design, di qualit\u00e0 tecnica e di ambiente.<\/h6>\n<h6>L\u2019impianto produttivo permette processi di lavorazione consolidati ed efficienti e la snella organizzazione concede l\u2019opportunit\u00e0 di una puntuale produzione \u201cjust in time\u201d, nel rispetto dei tempi e degli impegni, mantenendo una lavorazione raffinata attenta ad ogni esigenza di personalizzazione.<\/h6>\n<h6>Sensibili alle esigenze del mercato che richiede prodotti distintivi e originali, siamo preparati a soddisfare qualsiasi esigenza in ambito produttivo per la gestione di articoli esclusivi.<\/h6>\n<p>[\/vc_column_text]\t\t<\/div>\n\t<\/div>\n<\/div><\/div>[\/vc_column][\/vc_row][vc_row row_content_width=&#8221;grid&#8221; disable_background_image=&#8221;&#8221; css=&#8221;.vc_custom_1510055829208{padding-top: 40px !important;padding-bottom: 40px !important;}&#8221; simple_background_image=&#8221;50&#8243;][vc_column]<div class=\"edgtf-info-boxes-outer clearfix  edgtf-ib-four-columns\">\n\t<div class=\"edgtf-info-boxes-inner\">\n    <div class=\"edgtf-info-boxes-holder \">\n        <div class=\"edgtf-ib-inner edgtf-ib-front\" style=\"background-image:url(https:\/\/www.ribo-srl.it\/wp-content\/uploads\/2023\/09\/PROD-3.jpg)\">\n            <div class=\"edgtf-ib-text-holder\">\n                <div class=\"edgtf-ib-text-inner\">\n\t                \t                \t<h4 class=\"edgtf-ib-title\" style=\"color: #202020;background-color: #ffffff\">\n\t                    \tARTIGIANALITA&#039;\t                    <\/h4>\n\t                                <\/div>\n            <\/div>\n        <\/div>\n        <div class=\"edgtf-ib-inner edgtf-ib-back\">\n            <div class=\"edgtf-ib-text-holder\">\n                <div class=\"edgtf-ib-text-inner\">\n\t                \t                \t<h4 class=\"edgtf-ib-title\" style=\"color: #202020\">\n\t                    \tARTIGIANALITA&#039;\t                    <\/h4>\n\t                                                    <p class=\"edgtf-ib-text\" style=\"color: #202020;margin-top: 0px\">L&#039;artigianalit\u00e0 \u00e8 per noi una piccola forma d&#039;arte e le nostre radici storiche. Un piccolo laboratorio artigiano, votato alla laboriosit\u00e0 e all\u2019attenzione del prodotto, divenuto oggi una realt\u00e0 industriale.<\/p>\n                                <\/div>\n            <\/div>\n        <\/div>\n    <\/div>\n<\/div><div class=\"edgtf-info-boxes-inner\">\n    <div class=\"edgtf-info-boxes-holder \">\n        <div class=\"edgtf-ib-inner edgtf-ib-front\" style=\"background-image:url(https:\/\/www.ribo-srl.it\/wp-content\/uploads\/2020\/10\/DSCF9037.jpg)\">\n            <div class=\"edgtf-ib-text-holder\">\n                <div class=\"edgtf-ib-text-inner\">\n\t                \t                \t<h4 class=\"edgtf-ib-title\" style=\"color: #202020;background-color: #ffffff\">\n\t                    \tINNOVAZIONE\t                    <\/h4>\n\t                                <\/div>\n            <\/div>\n        <\/div>\n        <div class=\"edgtf-ib-inner edgtf-ib-back\">\n            <div class=\"edgtf-ib-text-holder\">\n                <div class=\"edgtf-ib-text-inner\">\n\t                \t                \t<h4 class=\"edgtf-ib-title\" style=\"color: #202020\">\n\t                    \tINNOVAZIONE\t                    <\/h4>\n\t                                                    <p class=\"edgtf-ib-text\" style=\"color: #202020;margin-top: 0px\">Fusione fra innovazione e tradizione per essere pronti ad ogni esigenza.<\/p>\n                                <\/div>\n            <\/div>\n        <\/div>\n    <\/div>\n<\/div><div class=\"edgtf-info-boxes-inner\">\n    <div class=\"edgtf-info-boxes-holder \">\n        <div class=\"edgtf-ib-inner edgtf-ib-front\" style=\"background-image:url(https:\/\/www.ribo-srl.it\/wp-content\/uploads\/2020\/10\/DSCF9052.jpg)\">\n            <div class=\"edgtf-ib-text-holder\">\n                <div class=\"edgtf-ib-text-inner\">\n\t                \t                \t<h4 class=\"edgtf-ib-title\" style=\"color: #202020;background-color: #ffffff\">\n\t                    \tCREATIVITA&#039;\t                    <\/h4>\n\t                                <\/div>\n            <\/div>\n        <\/div>\n        <div class=\"edgtf-ib-inner edgtf-ib-back\">\n            <div class=\"edgtf-ib-text-holder\">\n                <div class=\"edgtf-ib-text-inner\">\n\t                \t                \t<h4 class=\"edgtf-ib-title\" style=\"color: #202020\">\n\t                    \tCREATIVITA&#039;\t                    <\/h4>\n\t                                                    <p class=\"edgtf-ib-text\" style=\"color: #202020;margin-top: 0px\">una visione vincente, ci ha portato a produrre specchiere d\u2019arredamento e accessori per mobili.<\/p>\n                                <\/div>\n            <\/div>\n        <\/div>\n    <\/div>\n<\/div><div class=\"edgtf-info-boxes-inner\">\n    <div class=\"edgtf-info-boxes-holder \">\n        <div class=\"edgtf-ib-inner edgtf-ib-front\" style=\"background-image:url(https:\/\/www.ribo-srl.it\/wp-content\/uploads\/2020\/10\/DL86937.jpg)\">\n            <div class=\"edgtf-ib-text-holder\">\n                <div class=\"edgtf-ib-text-inner\">\n\t                \t                \t<h4 class=\"edgtf-ib-title\" style=\"color: #202020;background-color: #ffffff\">\n\t                    \tMATERIE PRIME\t                    <\/h4>\n\t                                <\/div>\n            <\/div>\n        <\/div>\n        <div class=\"edgtf-ib-inner edgtf-ib-back\">\n            <div class=\"edgtf-ib-text-holder\">\n                <div class=\"edgtf-ib-text-inner\">\n\t                \t                \t<h4 class=\"edgtf-ib-title\" style=\"color: #202020\">\n\t                    \tMATERIE PRIME\t                    <\/h4>\n\t                                                    <p class=\"edgtf-ib-text\" style=\"color: #202020;margin-top: 0px\">Una seleziona attenta e sostenibile delle materie \u00e8 un atteggiamento voluto e puntuale, che mira ad ottenere un prodotto della miglior qualit\u00e0 possibile.<\/p>\n                                <\/div>\n            <\/div>\n        <\/div>\n    <\/div>\n<\/div><\/div>[\/vc_column][\/vc_row][vc_row row_content_width=&#8221;grid&#8221; css=&#8221;.vc_custom_1511424673926{padding-top: 72px !important;padding-bottom: 99px !important;}&#8221;][vc_column offset=&#8221;vc_col-lg-6 vc_col-md-12 vc_col-xs-12&#8243;]<div class=\"edgtf-elements-holder   edgtf-two-columns  edgtf-responsive-mode-768 \" ><div class=\"edgtf-eh-item    \"  data-item-class=\"edgtf-eh-custom-3500\">\n\t<div class=\"edgtf-eh-item-inner\">\n\t\t<div class=\"edgtf-eh-item-content edgtf-eh-custom-3500\" style=\"padding: 28px 15% 0px 6%\">\n\t\t\t<div class=\"edgtf-image-gallery  edgtf-ig-carousel-type edgtf-large-space   edgtf-nav-position-outside\">\n\t<div class=\"edgtf-ig-slider edgtf-owl-slider\" data-number-of-items=\"1\" data-enable-loop=\"yes\" data-enable-autoplay=\"yes\" data-slider-speed=\"5000\" data-slider-speed-animation=\"600\" data-slider-padding=\"no\" data-enable-navigation=\"yes\" data-enable-pagination=\"no\">\n\t\t\t\t\t<div class=\"edgtf-ig-image\">\n\t\t\t\t\t\t\t\t\t<img loading=\"lazy\" decoding=\"async\" src=\"https:\/\/www.ribo-srl.it\/wp-content\/uploads\/2020\/10\/AdobeStock_107920210-1-350x350.jpg\" alt=\"\" width=\"350\" height=\"350\" \/>\t\t\t\t\t\t\t<\/div>\n\t\t\t<\/div>\n<\/div>\t\t<\/div>\n\t<\/div>\n<\/div><\/div>[\/vc_column][vc_column offset=&#8221;vc_col-lg-6 vc_col-md-12 vc_col-xs-12&#8243;]<div class=\"edgtf-elements-holder   edgtf-two-columns  edgtf-responsive-mode-768 \" ><div class=\"edgtf-eh-item    \"  data-item-class=\"edgtf-eh-custom-9915\" data-768-1024=\"51px 0 0 11%\" data-680-768=\"52px 0% 0 6%\" data-680=\"30px 0 0 7%\">\n\t<div class=\"edgtf-eh-item-inner\">\n\t\t<div class=\"edgtf-eh-item-content edgtf-eh-custom-9915\" style=\"padding: 0 0 0 0\">\n\t\t\t[vc_column_text]<\/p>\n<h2>PRODURRE SPECCHIERE CI COSTRINGE a guardare noi stessi allo specchio.<\/h2>\n<h2>QUESTO CI PERMETTE DI vedere chi siamo e ci stimola a migliorarci, riconoscendo davanti a te chi puo&#8217; permetterti di crescere.<\/h2>\n<p>[\/vc_column_text]\t\t<\/div>\n\t<\/div>\n<\/div><\/div>[\/vc_column][\/vc_row][vc_row row_content_width=&#8221;grid&#8221; css=&#8221;.vc_custom_1511424673926{padding-top: 72px !important;padding-bottom: 99px !important;}&#8221;][vc_column offset=&#8221;vc_col-lg-6 vc_col-md-12 vc_col-xs-12&#8243;]<div class=\"edgtf-elements-holder   edgtf-two-columns  edgtf-responsive-mode-768 \" ><div class=\"edgtf-eh-item    \"  data-item-class=\"edgtf-eh-custom-2068\" data-768-1024=\"108px 0 0 0\" data-680-768=\"34px 0 0 6%\" data-680=\"30px 0 0 7%\">\n\t<div class=\"edgtf-eh-item-inner\">\n\t\t<div class=\"edgtf-eh-item-content edgtf-eh-custom-2068\" style=\"padding: 60px 0 0 0\">\n\t\t\t[vc_column_text]<\/p>\n<h3><span style=\"color: #202020;\">ATTENZIONE AI MATERIALI<\/span><\/h3>\n<h3><span style=\"color: #202020;\">TECNOLOGIA innovativa<\/span><\/h3>\n<h3><span style=\"color: #202020;\">CURA DEI DETTAGLI<\/span><\/h3>\n<h3><span style=\"color: #202020;\">LAVORAZIONE artigianale<\/span><\/h3>\n<h3><span style=\"color: #202020;\">CONTROLLO di QUALITA&#8217;<\/span><\/h3>\n<h3>SERVIZIO JUST IN TIME<\/h3>\n<h3>PRODOTTI SPECIFICI ED ESCLUSIVI<\/h3>\n<p>[\/vc_column_text]\t\t<\/div>\n\t<\/div>\n<\/div><\/div>[\/vc_column][vc_column offset=&#8221;vc_col-lg-6 vc_col-md-12 vc_col-xs-12&#8243;]<div class=\"edgtf-elements-holder   edgtf-two-columns  edgtf-responsive-mode-768 \" ><div class=\"edgtf-eh-item    \"  data-item-class=\"edgtf-eh-custom-6292\">\n\t<div class=\"edgtf-eh-item-inner\">\n\t\t<div class=\"edgtf-eh-item-content edgtf-eh-custom-6292\" style=\"padding: 28px 15% 0px 6%\">\n\t\t\t<div class=\"edgtf-image-gallery  edgtf-ig-carousel-type edgtf-large-space   edgtf-nav-position-outside\">\n\t<div class=\"edgtf-ig-slider edgtf-owl-slider\" data-number-of-items=\"1\" data-enable-loop=\"yes\" data-enable-autoplay=\"yes\" data-slider-speed=\"5000\" data-slider-speed-animation=\"600\" data-slider-padding=\"no\" data-enable-navigation=\"yes\" data-enable-pagination=\"no\">\n\t\t\t\t\t<div class=\"edgtf-ig-image\">\n\t\t\t\t\t\t\t\t\t<img loading=\"lazy\" decoding=\"async\" src=\"https:\/\/www.ribo-srl.it\/wp-content\/uploads\/2020\/10\/DSCF9037-350x350.jpg\" alt=\"\" width=\"350\" height=\"350\" \/>\t\t\t\t\t\t\t<\/div>\n\t\t\t\t\t<div class=\"edgtf-ig-image\">\n\t\t\t\t\t\t\t\t\t<img loading=\"lazy\" decoding=\"async\" src=\"https:\/\/www.ribo-srl.it\/wp-content\/uploads\/2020\/10\/DL86871-350x350.jpg\" alt=\"\" width=\"350\" height=\"350\" \/>\t\t\t\t\t\t\t<\/div>\n\t\t\t\t\t<div class=\"edgtf-ig-image\">\n\t\t\t\t\t\t\t\t\t<img loading=\"lazy\" decoding=\"async\" src=\"https:\/\/www.ribo-srl.it\/wp-content\/uploads\/2020\/10\/DL86903-350x350.jpg\" alt=\"\" width=\"350\" height=\"350\" \/>\t\t\t\t\t\t\t<\/div>\n\t\t\t\t\t<div class=\"edgtf-ig-image\">\n\t\t\t\t\t\t\t\t\t<img loading=\"lazy\" decoding=\"async\" src=\"https:\/\/www.ribo-srl.it\/wp-content\/uploads\/2020\/10\/DL86924-350x350.jpg\" alt=\"\" width=\"350\" height=\"350\" \/>\t\t\t\t\t\t\t<\/div>\n\t\t\t\t\t<div class=\"edgtf-ig-image\">\n\t\t\t\t\t\t\t\t\t<img loading=\"lazy\" decoding=\"async\" src=\"https:\/\/www.ribo-srl.it\/wp-content\/uploads\/2020\/10\/DL86947-350x350.jpg\" alt=\"\" width=\"350\" height=\"350\" \/>\t\t\t\t\t\t\t<\/div>\n\t\t\t<\/div>\n<\/div>\t\t<\/div>\n\t<\/div>\n<\/div><\/div>[\/vc_column][\/vc_row]<\/p>\n","protected":false},"excerpt":{"rendered":"<p>[vc_row row_content_width=&#8221;grid&#8221; css=&#8221;.vc_custom_1511424629129{padding-top: 86px !important;padding-bottom: 85px !important;}&#8221;][vc_column offset=&#8221;vc_col-lg-4 vc_col-md-12 vc_col-xs-12&#8243;][vc_empty_space height=&#8221;5px&#8221;][vc_single_image image=&#8221;5539&#8243; img_size=&#8221;full&#8221; alignment=&#8221;center&#8221;][\/vc_column][vc_column offset=&#8221;vc_col-lg-8 vc_col-md-12 vc_col-xs-12&#8243;][\/vc_column][\/vc_row][vc_row row_content_width=&#8221;grid&#8221; disable_background_image=&#8221;&#8221; css=&#8221;.vc_custom_1510055829208{padding-top: 40px !important;padding-bottom: 40px !important;}&#8221; simple_background_image=&#8221;50&#8243;][vc_column][\/vc_column][\/vc_row][vc_row row_content_width=&#8221;grid&#8221; css=&#8221;.vc_custom_1511424673926{padding-top: 72px !important;padding-bottom: 99px !important;}&#8221;][vc_column offset=&#8221;vc_col-lg-6 vc_col-md-12 vc_col-xs-12&#8243;][\/vc_column][vc_column offset=&#8221;vc_col-lg-6 vc_col-md-12 vc_col-xs-12&#8243;][\/vc_column][\/vc_row][vc_row row_content_width=&#8221;grid&#8221; css=&#8221;.vc_custom_1511424673926{padding-top: 72px [&hellip;]<\/p>\n","protected":false},"author":1,"featured_media":0,"parent":0,"menu_order":0,"comment_status":"closed","ping_status":"closed","template":"full-width.php","meta":{"footnotes":""},"yoast_head":"<!-- This site is optimized with the Yoast SEO plugin v22.5 - https:\/\/yoast.com\/wordpress\/plugins\/seo\/ -->\n<title>chi siamo - Ribo Srl<\/title>\n<meta name=\"robots\" content=\"index, follow, max-snippet:-1, max-image-preview:large, max-video-preview:-1\" \/>\n<link rel=\"canonical\" href=\"https:\/\/www.ribo-srl.it\/index.php\/a-identita\/\" \/>\n<meta property=\"og:locale\" content=\"it_IT\" \/>\n<meta property=\"og:type\" content=\"article\" \/>\n<meta property=\"og:title\" content=\"chi siamo - Ribo Srl\" \/>\n<meta property=\"og:description\" content=\"[vc_row row_content_width=&#8221;grid&#8221; css=&#8221;.vc_custom_1511424629129{padding-top: 86px !important;padding-bottom: 85px !important;}&#8221;][vc_column offset=&#8221;vc_col-lg-4 vc_col-md-12 vc_col-xs-12&#8243;][vc_empty_space height=&#8221;5px&#8221;][vc_single_image image=&#8221;5539&#8243; img_size=&#8221;full&#8221; alignment=&#8221;center&#8221;][\/vc_column][vc_column offset=&#8221;vc_col-lg-8 vc_col-md-12 vc_col-xs-12&#8243;][\/vc_column][\/vc_row][vc_row row_content_width=&#8221;grid&#8221; disable_background_image=&#8221;&#8221; css=&#8221;.vc_custom_1510055829208{padding-top: 40px !important;padding-bottom: 40px !important;}&#8221; simple_background_image=&#8221;50&#8243;][vc_column][\/vc_column][\/vc_row][vc_row row_content_width=&#8221;grid&#8221; css=&#8221;.vc_custom_1511424673926{padding-top: 72px !important;padding-bottom: 99px !important;}&#8221;][vc_column offset=&#8221;vc_col-lg-6 vc_col-md-12 vc_col-xs-12&#8243;][\/vc_column][vc_column offset=&#8221;vc_col-lg-6 vc_col-md-12 vc_col-xs-12&#8243;][\/vc_column][\/vc_row][vc_row row_content_width=&#8221;grid&#8221; css=&#8221;.vc_custom_1511424673926{padding-top: 72px [&hellip;]\" \/>\n<meta property=\"og:url\" content=\"https:\/\/www.ribo-srl.it\/index.php\/a-identita\/\" \/>\n<meta property=\"og:site_name\" content=\"Ribo Srl\" \/>\n<meta property=\"article:modified_time\" content=\"2023-10-04T12:35:43+00:00\" \/>\n<meta property=\"og:image\" content=\"https:\/\/www.ribo-srl.it\/wp-content\/uploads\/2023\/10\/presentazione.jpg\" \/>\n\t<meta property=\"og:image:width\" content=\"1200\" \/>\n\t<meta property=\"og:image:height\" content=\"675\" \/>\n\t<meta property=\"og:image:type\" content=\"image\/jpeg\" \/>\n<meta name=\"twitter:card\" content=\"summary_large_image\" \/>\n<meta name=\"twitter:label1\" content=\"Tempo di lettura stimato\" \/>\n\t<meta name=\"twitter:data1\" content=\"3 minuti\" \/>\n<script type=\"application\/ld+json\" class=\"yoast-schema-graph\">{\"@context\":\"https:\/\/schema.org\",\"@graph\":[{\"@type\":\"WebPage\",\"@id\":\"https:\/\/www.ribo-srl.it\/index.php\/a-identita\/\",\"url\":\"https:\/\/www.ribo-srl.it\/index.php\/a-identita\/\",\"name\":\"chi siamo - Ribo Srl\",\"isPartOf\":{\"@id\":\"https:\/\/www.ribo-srl.it\/#website\"},\"datePublished\":\"2023-09-20T06:31:55+00:00\",\"dateModified\":\"2023-10-04T12:35:43+00:00\",\"breadcrumb\":{\"@id\":\"https:\/\/www.ribo-srl.it\/index.php\/a-identita\/#breadcrumb\"},\"inLanguage\":\"it-IT\",\"potentialAction\":[{\"@type\":\"ReadAction\",\"target\":[\"https:\/\/www.ribo-srl.it\/index.php\/a-identita\/\"]}]},{\"@type\":\"BreadcrumbList\",\"@id\":\"https:\/\/www.ribo-srl.it\/index.php\/a-identita\/#breadcrumb\",\"itemListElement\":[{\"@type\":\"ListItem\",\"position\":1,\"name\":\"Home\",\"item\":\"https:\/\/www.ribo-srl.it\/\"},{\"@type\":\"ListItem\",\"position\":2,\"name\":\"chi siamo\"}]},{\"@type\":\"WebSite\",\"@id\":\"https:\/\/www.ribo-srl.it\/#website\",\"url\":\"https:\/\/www.ribo-srl.it\/\",\"name\":\"Rib\u00f2 Srl\",\"description\":\"Specchiere e cornici in alluminio per arredamento\",\"publisher\":{\"@id\":\"https:\/\/www.ribo-srl.it\/#organization\"},\"alternateName\":\"Le specchiere in alluminio di Rib\u00f2 Srl a Pieve di Soligo\",\"potentialAction\":[{\"@type\":\"SearchAction\",\"target\":{\"@type\":\"EntryPoint\",\"urlTemplate\":\"https:\/\/www.ribo-srl.it\/?s={search_term_string}\"},\"query-input\":\"required name=search_term_string\"}],\"inLanguage\":\"it-IT\"},{\"@type\":\"Organization\",\"@id\":\"https:\/\/www.ribo-srl.it\/#organization\",\"name\":\"Rib\u00f2 Srl\",\"alternateName\":\"Le specchiere in alluminio di Rib\u00f2 Srl a Pieve di Soligo\",\"url\":\"https:\/\/www.ribo-srl.it\/\",\"logo\":{\"@type\":\"ImageObject\",\"inLanguage\":\"it-IT\",\"@id\":\"https:\/\/www.ribo-srl.it\/#\/schema\/logo\/image\/\",\"url\":\"https:\/\/www.ribo-srl.it\/wp-content\/uploads\/2020\/10\/LogoRibo.png\",\"contentUrl\":\"https:\/\/www.ribo-srl.it\/wp-content\/uploads\/2020\/10\/LogoRibo.png\",\"width\":200,\"height\":143,\"caption\":\"Rib\u00f2 Srl\"},\"image\":{\"@id\":\"https:\/\/www.ribo-srl.it\/#\/schema\/logo\/image\/\"}}]}<\/script>\n<!-- \/ Yoast SEO plugin. -->","yoast_head_json":{"title":"chi siamo - Ribo Srl","robots":{"index":"index","follow":"follow","max-snippet":"max-snippet:-1","max-image-preview":"max-image-preview:large","max-video-preview":"max-video-preview:-1"},"canonical":"https:\/\/www.ribo-srl.it\/index.php\/a-identita\/","og_locale":"it_IT","og_type":"article","og_title":"chi siamo - Ribo Srl","og_description":"[vc_row row_content_width=&#8221;grid&#8221; css=&#8221;.vc_custom_1511424629129{padding-top: 86px !important;padding-bottom: 85px !important;}&#8221;][vc_column offset=&#8221;vc_col-lg-4 vc_col-md-12 vc_col-xs-12&#8243;][vc_empty_space height=&#8221;5px&#8221;][vc_single_image image=&#8221;5539&#8243; img_size=&#8221;full&#8221; alignment=&#8221;center&#8221;][\/vc_column][vc_column offset=&#8221;vc_col-lg-8 vc_col-md-12 vc_col-xs-12&#8243;][\/vc_column][\/vc_row][vc_row row_content_width=&#8221;grid&#8221; disable_background_image=&#8221;&#8221; css=&#8221;.vc_custom_1510055829208{padding-top: 40px !important;padding-bottom: 40px !important;}&#8221; simple_background_image=&#8221;50&#8243;][vc_column][\/vc_column][\/vc_row][vc_row row_content_width=&#8221;grid&#8221; css=&#8221;.vc_custom_1511424673926{padding-top: 72px !important;padding-bottom: 99px !important;}&#8221;][vc_column offset=&#8221;vc_col-lg-6 vc_col-md-12 vc_col-xs-12&#8243;][\/vc_column][vc_column offset=&#8221;vc_col-lg-6 vc_col-md-12 vc_col-xs-12&#8243;][\/vc_column][\/vc_row][vc_row row_content_width=&#8221;grid&#8221; css=&#8221;.vc_custom_1511424673926{padding-top: 72px [&hellip;]","og_url":"https:\/\/www.ribo-srl.it\/index.php\/a-identita\/","og_site_name":"Ribo Srl","article_modified_time":"2023-10-04T12:35:43+00:00","og_image":[{"width":1200,"height":675,"url":"https:\/\/www.ribo-srl.it\/wp-content\/uploads\/2023\/10\/presentazione.jpg","type":"image\/jpeg"}],"twitter_card":"summary_large_image","twitter_misc":{"Tempo di lettura stimato":"3 minuti"},"schema":{"@context":"https:\/\/schema.org","@graph":[{"@type":"WebPage","@id":"https:\/\/www.ribo-srl.it\/index.php\/a-identita\/","url":"https:\/\/www.ribo-srl.it\/index.php\/a-identita\/","name":"chi siamo - Ribo Srl","isPartOf":{"@id":"https:\/\/www.ribo-srl.it\/#website"},"datePublished":"2023-09-20T06:31:55+00:00","dateModified":"2023-10-04T12:35:43+00:00","breadcrumb":{"@id":"https:\/\/www.ribo-srl.it\/index.php\/a-identita\/#breadcrumb"},"inLanguage":"it-IT","potentialAction":[{"@type":"ReadAction","target":["https:\/\/www.ribo-srl.it\/index.php\/a-identita\/"]}]},{"@type":"BreadcrumbList","@id":"https:\/\/www.ribo-srl.it\/index.php\/a-identita\/#breadcrumb","itemListElement":[{"@type":"ListItem","position":1,"name":"Home","item":"https:\/\/www.ribo-srl.it\/"},{"@type":"ListItem","position":2,"name":"chi siamo"}]},{"@type":"WebSite","@id":"https:\/\/www.ribo-srl.it\/#website","url":"https:\/\/www.ribo-srl.it\/","name":"Rib\u00f2 Srl","description":"Specchiere e cornici in alluminio per arredamento","publisher":{"@id":"https:\/\/www.ribo-srl.it\/#organization"},"alternateName":"Le specchiere in alluminio di Rib\u00f2 Srl a Pieve di Soligo","potentialAction":[{"@type":"SearchAction","target":{"@type":"EntryPoint","urlTemplate":"https:\/\/www.ribo-srl.it\/?s={search_term_string}"},"query-input":"required name=search_term_string"}],"inLanguage":"it-IT"},{"@type":"Organization","@id":"https:\/\/www.ribo-srl.it\/#organization","name":"Rib\u00f2 Srl","alternateName":"Le specchiere in alluminio di Rib\u00f2 Srl a Pieve di Soligo","url":"https:\/\/www.ribo-srl.it\/","logo":{"@type":"ImageObject","inLanguage":"it-IT","@id":"https:\/\/www.ribo-srl.it\/#\/schema\/logo\/image\/","url":"https:\/\/www.ribo-srl.it\/wp-content\/uploads\/2020\/10\/LogoRibo.png","contentUrl":"https:\/\/www.ribo-srl.it\/wp-content\/uploads\/2020\/10\/LogoRibo.png","width":200,"height":143,"caption":"Rib\u00f2 Srl"},"image":{"@id":"https:\/\/www.ribo-srl.it\/#\/schema\/logo\/image\/"}}]}},"_links":{"self":[{"href":"https:\/\/www.ribo-srl.it\/index.php\/wp-json\/wp\/v2\/pages\/4958"}],"collection":[{"href":"https:\/\/www.ribo-srl.it\/index.php\/wp-json\/wp\/v2\/pages"}],"about":[{"href":"https:\/\/www.ribo-srl.it\/index.php\/wp-json\/wp\/v2\/types\/page"}],"author":[{"embeddable":true,"href":"https:\/\/www.ribo-srl.it\/index.php\/wp-json\/wp\/v2\/users\/1"}],"replies":[{"embeddable":true,"href":"https:\/\/www.ribo-srl.it\/index.php\/wp-json\/wp\/v2\/comments?post=4958"}],"version-history":[{"count":39,"href":"https:\/\/www.ribo-srl.it\/index.php\/wp-json\/wp\/v2\/pages\/4958\/revisions"}],"predecessor-version":[{"id":5571,"href":"https:\/\/www.ribo-srl.it\/index.php\/wp-json\/wp\/v2\/pages\/4958\/revisions\/5571"}],"wp:attachment":[{"href":"https:\/\/www.ribo-srl.it\/index.php\/wp-json\/wp\/v2\/media?parent=4958"}],"curies":[{"name":"wp","href":"https:\/\/api.w.org\/{rel}","templated":true}]}}