{"id":4960,"date":"2023-09-20T08:33:12","date_gmt":"2023-09-20T06:33:12","guid":{"rendered":"https:\/\/www.ribo-srl.it\/?page_id=4960"},"modified":"2023-10-04T15:43:29","modified_gmt":"2023-10-04T13:43:29","slug":"le-specchiere-di-ribo-srl","status":"publish","type":"page","link":"https:\/\/www.ribo-srl.it\/index.php\/le-specchiere-di-ribo-srl\/","title":{"rendered":"Le specchiere di Ribo&#8217; srl"},"content":{"rendered":"<p>[vc_row row_content_width=&#8221;grid&#8221; disable_background_image=&#8221;&#8221; css=&#8221;.vc_custom_1695218913488{padding-top: 10px !important;padding-bottom: 100px !important;}&#8221; simple_background_image=&#8221;50&#8243;][vc_column]<div class=\"edgtf-section-title-holder  edgtf-st-vertical-lines  edgtf-st-position-left edgtf-appear-fx\" >\n\t        <span class=\"edgtf-st-vertical-top\" style=\"background-color: #dd0000\"><\/span>\n\t\t<div class=\"edgtf-st-inner\">\n                    <div class=\"edgtf-st-title-holder\">\n                <h4 class=\"edgtf-st-title\" >\n                    Le specchiere di Rib\u00f2                <\/h4>\n            <\/div>\n\t\t\t\t            <div class=\"edgtf-st-text-holder\">\n    \t\t\t<h6 class=\"edgtf-st-text\" style=\"font-weight: 300;margin-top: 0px\">\n    \t\t\t\tDa ben quarant'anni creiamo prodotti adatti al settore del mobile, proponendo qualit\u00e0, precisione e raffinatezza delle finiture.    \t\t\t<\/h6>\n            <\/div>\n\t\t\t<\/div>\n            <span class=\"edgtf-st-vertical-bottom\" style=\"background-color: #dd0000\"><\/span>\n    <\/div><div class=\"edgtf-section-title-holder  edgtf-st-standard  edgtf-st-position-left edgtf-appear-fx\" >\n\t\t<div class=\"edgtf-st-inner\">\n        \t\t            <div class=\"edgtf-st-text-holder\">\n    \t\t\t<h6 class=\"edgtf-st-text\" style=\"font-weight: 300;margin-top: 0px\">\n    \t\t\t\tUna produzione artigiana, snella ed organizzata: curata, gestita singolarmente e affidata a personale esperto e qualificato dove la manualit\u00e0 diventa ricchezza e caratteristica di qualit\u00e0.    \t\t\t<\/h6>\n            <\/div>\n\t\t\t<\/div>\n    <\/div><div class=\"edgtf-section-title-holder  edgtf-st-standard  edgtf-st-position-left edgtf-appear-fx\" >\n\t\t<div class=\"edgtf-st-inner\">\n        \t\t            <div class=\"edgtf-st-text-holder\">\n    \t\t\t<h6 class=\"edgtf-st-text\" style=\"font-weight: 300;margin-top: 0px\">\n    \t\t\t\tLa tecnologia accresce tutte le propriet\u00e0 del prodotto e consente alla nostra creativit\u00e0 di rispondere alle esigenze di oggi ed alle richieste dei clienti che sempre pi\u00f9 necessitano di un raffinato design e di una significativa personalizzazione.    \t\t\t<\/h6>\n            <\/div>\n\t\t\t<\/div>\n    <\/div><div class=\"edgtf-section-title-holder  edgtf-st-standard  edgtf-st-position-left edgtf-appear-fx\" >\n\t\t<div class=\"edgtf-st-inner\">\n        \t\t            <div class=\"edgtf-st-text-holder\">\n    \t\t\t<h6 class=\"edgtf-st-text\" style=\"font-weight: 300;margin-top: 0px\">\n    \t\t\t\tQuanto siamo in grado di documentarvi nelle pagine che seguono, \u00e8 un solo piccolo estratto della nostra produzione.    \t\t\t<\/h6>\n            <\/div>\n\t\t\t<\/div>\n    <\/div><div class=\"edgtf-info-boxes-outer clearfix  edgtf-ib-three-columns\">\n\t<div class=\"edgtf-info-boxes-inner\">\n    <div class=\"edgtf-info-boxes-holder \">\n        <div class=\"edgtf-ib-inner edgtf-ib-front\" style=\"background-image:url(https:\/\/www.ribo-srl.it\/wp-content\/uploads\/2023\/09\/categorie_specchi-ribo-029-Modifica-wb0923.jpg)\">\n            <div class=\"edgtf-ib-text-holder\">\n                <div class=\"edgtf-ib-text-inner\">\n\t                \t                \t<h4 class=\"edgtf-ib-title\" style=\"color: #000000;background-color: #ffffff\">\n\t                    \tROTONDE\t                    <\/h4>\n\t                                <\/div>\n            <\/div>\n        <\/div>\n        <div class=\"edgtf-ib-inner edgtf-ib-back\">\n            <div class=\"edgtf-ib-text-holder\">\n                <div class=\"edgtf-ib-text-inner\">\n\t                \t                \t<h4 class=\"edgtf-ib-title\" style=\"color: #000000\">\n\t                    \tROTONDE\t                    <\/h4>\n\t                                                    <p class=\"edgtf-ib-text\" style=\"color: #000000;margin-top: 0px\">Rotonde, ovali o ellittiche<\/p>\n                <a itemprop=\"url\" href=\"https:\/\/www.ribo-srl.it\/index.php\/le-specchiere-di-ribo-srl\/a-specchiere-rotonde\/\" target=\"_self\" style=\"color: #000000;text-transform: capitalize\" class=\"edgtf-btn edgtf-btn-medium edgtf-btn-simple edgtf-btn-with-arrow edgtf-btn-text-on-hover\"  >            <span class=\"edgtf-btn-text\">More<\/span>            <span class=\"edgtf-btn-arrow\">            <svg version=\"1.1\" id=\"btn-arrow-1266272476\" xmlns=\"http:\/\/www.w3.org\/2000\/svg\" xmlns:xlink=\"http:\/\/www.w3.org\/1999\/xlink\" x=\"0px\" y=\"0px\"                 width=\"18px\" height=\"4px\" viewBox=\"0 0 18 4\" enable-background=\"new 0 0 18 4\" xml:space=\"preserve\">            \t<polyline fill=\"none\" stroke=\"#323232\" stroke-miterlimit=\"10\" points=\"0,3.508 16.809,3.508 13.686,0.342 \"\/>            <\/svg>        <\/span>    <\/a>                <\/div>\n            <\/div>\n        <\/div>\n    <\/div>\n<\/div><div class=\"edgtf-info-boxes-inner\">\n    <div class=\"edgtf-info-boxes-holder \">\n        <div class=\"edgtf-ib-inner edgtf-ib-front\" style=\"background-image:url(https:\/\/www.ribo-srl.it\/wp-content\/uploads\/2023\/09\/Specchiere_specchi-ribo-015-Modifica-wb0923.jpg)\">\n            <div class=\"edgtf-ib-text-holder\">\n                <div class=\"edgtf-ib-text-inner\">\n\t                \t                \t<h4 class=\"edgtf-ib-title\" style=\"color: #000000;background-color: #ffffff\">\n\t                    \tSAGOMATE\t                    <\/h4>\n\t                                <\/div>\n            <\/div>\n        <\/div>\n        <div class=\"edgtf-ib-inner edgtf-ib-back\">\n            <div class=\"edgtf-ib-text-holder\">\n                <div class=\"edgtf-ib-text-inner\">\n\t                \t                \t<h4 class=\"edgtf-ib-title\" style=\"color: #000000\">\n\t                    \tSAGOMATE\t                    <\/h4>\n\t                                                    <p class=\"edgtf-ib-text\" style=\"color: #000000;margin-top: 0px\">Le specchiere SAGOMATE<\/p>\n                <a itemprop=\"url\" href=\"https:\/\/www.ribo-srl.it\/index.php\/le-specchiere-di-ribo-srl\/2023-specchiere-sagomate\/\" target=\"_self\" style=\"color: #000000;text-transform: capitalize\" class=\"edgtf-btn edgtf-btn-medium edgtf-btn-simple edgtf-btn-with-arrow edgtf-btn-text-on-hover\"  >            <span class=\"edgtf-btn-text\">More<\/span>            <span class=\"edgtf-btn-arrow\">            <svg version=\"1.1\" id=\"btn-arrow-1749937374\" xmlns=\"http:\/\/www.w3.org\/2000\/svg\" xmlns:xlink=\"http:\/\/www.w3.org\/1999\/xlink\" x=\"0px\" y=\"0px\"                 width=\"18px\" height=\"4px\" viewBox=\"0 0 18 4\" enable-background=\"new 0 0 18 4\" xml:space=\"preserve\">            \t<polyline fill=\"none\" stroke=\"#323232\" stroke-miterlimit=\"10\" points=\"0,3.508 16.809,3.508 13.686,0.342 \"\/>            <\/svg>        <\/span>    <\/a>                <\/div>\n            <\/div>\n        <\/div>\n    <\/div>\n<\/div><div class=\"edgtf-info-boxes-inner\">\n    <div class=\"edgtf-info-boxes-holder \">\n        <div class=\"edgtf-ib-inner edgtf-ib-front\" style=\"background-image:url(https:\/\/www.ribo-srl.it\/wp-content\/uploads\/2023\/09\/categorie_Errebi-specchi-2022-566-RIT.jpg)\">\n            <div class=\"edgtf-ib-text-holder\">\n                <div class=\"edgtf-ib-text-inner\">\n\t                \t                \t<h4 class=\"edgtf-ib-title\" style=\"color: #000000;background-color: #ffffff\">\n\t                    \tBASIC\t                    <\/h4>\n\t                                <\/div>\n            <\/div>\n        <\/div>\n        <div class=\"edgtf-ib-inner edgtf-ib-back\">\n            <div class=\"edgtf-ib-text-holder\">\n                <div class=\"edgtf-ib-text-inner\">\n\t                \t                \t<h4 class=\"edgtf-ib-title\" style=\"color: #000000\">\n\t                    \tBASIC\t                    <\/h4>\n\t                                                    <p class=\"edgtf-ib-text\" style=\"color: #000000;margin-top: 0px\">Specchiere BASIC<\/p>\n                <a itemprop=\"url\" href=\"https:\/\/www.ribo-srl.it\/index.php\/le-specchiere-di-ribo-srl\/2023-specchiere-basic\/\" target=\"_self\" style=\"color: #000000;text-transform: capitalize\" class=\"edgtf-btn edgtf-btn-medium edgtf-btn-simple edgtf-btn-with-arrow edgtf-btn-text-on-hover\"  >            <span class=\"edgtf-btn-text\">More<\/span>            <span class=\"edgtf-btn-arrow\">            <svg version=\"1.1\" id=\"btn-arrow-2129514579\" xmlns=\"http:\/\/www.w3.org\/2000\/svg\" xmlns:xlink=\"http:\/\/www.w3.org\/1999\/xlink\" x=\"0px\" y=\"0px\"                 width=\"18px\" height=\"4px\" viewBox=\"0 0 18 4\" enable-background=\"new 0 0 18 4\" xml:space=\"preserve\">            \t<polyline fill=\"none\" stroke=\"#323232\" stroke-miterlimit=\"10\" points=\"0,3.508 16.809,3.508 13.686,0.342 \"\/>            <\/svg>        <\/span>    <\/a>                <\/div>\n            <\/div>\n        <\/div>\n    <\/div>\n<\/div><\/div><div class=\"edgtf-info-boxes-outer clearfix  edgtf-ib-three-columns\">\n\t<div class=\"edgtf-info-boxes-inner\">\n    <div class=\"edgtf-info-boxes-holder \">\n        <div class=\"edgtf-ib-inner edgtf-ib-front\" style=\"background-image:url(https:\/\/www.ribo-srl.it\/wp-content\/uploads\/2023\/09\/categorie_specchi-ribo-091-Modifica-wb0923.jpg)\">\n            <div class=\"edgtf-ib-text-holder\">\n                <div class=\"edgtf-ib-text-inner\">\n\t                \t                \t<h4 class=\"edgtf-ib-title\" style=\"color: #000000;background-color: #ffffff\">\n\t                    \tDESIGN\t                    <\/h4>\n\t                                <\/div>\n            <\/div>\n        <\/div>\n        <div class=\"edgtf-ib-inner edgtf-ib-back\">\n            <div class=\"edgtf-ib-text-holder\">\n                <div class=\"edgtf-ib-text-inner\">\n\t                \t                \t<h4 class=\"edgtf-ib-title\" style=\"color: #000000\">\n\t                    \tDESIGN\t                    <\/h4>\n\t                                                    <p class=\"edgtf-ib-text\" style=\"color: #000000;margin-top: 0px\">Le specchiere DESIGN<\/p>\n                <a itemprop=\"url\" href=\"https:\/\/www.ribo-srl.it\/index.php\/le-specchiere-di-ribo-srl\/2023-specchiere-design\/\" target=\"_self\" style=\"color: #000000;text-transform: capitalize\" class=\"edgtf-btn edgtf-btn-medium edgtf-btn-simple edgtf-btn-with-arrow edgtf-btn-text-on-hover\"  >            <span class=\"edgtf-btn-text\">More<\/span>            <span class=\"edgtf-btn-arrow\">            <svg version=\"1.1\" id=\"btn-arrow-1161583491\" xmlns=\"http:\/\/www.w3.org\/2000\/svg\" xmlns:xlink=\"http:\/\/www.w3.org\/1999\/xlink\" x=\"0px\" y=\"0px\"                 width=\"18px\" height=\"4px\" viewBox=\"0 0 18 4\" enable-background=\"new 0 0 18 4\" xml:space=\"preserve\">            \t<polyline fill=\"none\" stroke=\"#323232\" stroke-miterlimit=\"10\" points=\"0,3.508 16.809,3.508 13.686,0.342 \"\/>            <\/svg>        <\/span>    <\/a>                <\/div>\n            <\/div>\n        <\/div>\n    <\/div>\n<\/div><div class=\"edgtf-info-boxes-inner\">\n    <div class=\"edgtf-info-boxes-holder \">\n        <div class=\"edgtf-ib-inner edgtf-ib-front\" style=\"background-image:url(https:\/\/www.ribo-srl.it\/wp-content\/uploads\/2023\/09\/categorie_specchi-ribo-034-Modifica-wb0923.jpg)\">\n            <div class=\"edgtf-ib-text-holder\">\n                <div class=\"edgtf-ib-text-inner\">\n\t                \t                \t<h3 class=\"edgtf-ib-title\" style=\"color: #000000;background-color: #ffffff\">\n\t                    \tBOX \/ CONTENITORI\t                    <\/h3>\n\t                                <\/div>\n            <\/div>\n        <\/div>\n        <div class=\"edgtf-ib-inner edgtf-ib-back\">\n            <div class=\"edgtf-ib-text-holder\">\n                <div class=\"edgtf-ib-text-inner\">\n\t                \t                \t<h3 class=\"edgtf-ib-title\" style=\"color: #000000\">\n\t                    \tBOX \/ CONTENITORI\t                    <\/h3>\n\t                                                    <p class=\"edgtf-ib-text\" style=\"color: #000000;margin-top: 0px\">Specchiere con CONTENITORI<\/p>\n                <a itemprop=\"url\" href=\"https:\/\/www.ribo-srl.it\/index.php\/le-specchiere-di-ribo-srl\/2023-specchiere-box-contenitori\/\" target=\"_self\" style=\"color: #000000;text-transform: capitalize\" class=\"edgtf-btn edgtf-btn-medium edgtf-btn-simple edgtf-btn-with-arrow edgtf-btn-text-on-hover\"  >            <span class=\"edgtf-btn-text\">More<\/span>            <span class=\"edgtf-btn-arrow\">            <svg version=\"1.1\" id=\"btn-arrow-485125908\" xmlns=\"http:\/\/www.w3.org\/2000\/svg\" xmlns:xlink=\"http:\/\/www.w3.org\/1999\/xlink\" x=\"0px\" y=\"0px\"                 width=\"18px\" height=\"4px\" viewBox=\"0 0 18 4\" enable-background=\"new 0 0 18 4\" xml:space=\"preserve\">            \t<polyline fill=\"none\" stroke=\"#323232\" stroke-miterlimit=\"10\" points=\"0,3.508 16.809,3.508 13.686,0.342 \"\/>            <\/svg>        <\/span>    <\/a>                <\/div>\n            <\/div>\n        <\/div>\n    <\/div>\n<\/div><div class=\"edgtf-info-boxes-inner\">\n    <div class=\"edgtf-info-boxes-holder \">\n        <div class=\"edgtf-ib-inner edgtf-ib-front\" style=\"background-image:url(https:\/\/www.ribo-srl.it\/wp-content\/uploads\/2023\/09\/categorie_specchi-ribo-293.jpg)\">\n            <div class=\"edgtf-ib-text-holder\">\n                <div class=\"edgtf-ib-text-inner\">\n\t                \t                \t<h3 class=\"edgtf-ib-title\" style=\"color: #000000;background-color: #ffffff\">\n\t                    \tSABBIATE\t                    <\/h3>\n\t                                <\/div>\n            <\/div>\n        <\/div>\n        <div class=\"edgtf-ib-inner edgtf-ib-back\">\n            <div class=\"edgtf-ib-text-holder\">\n                <div class=\"edgtf-ib-text-inner\">\n\t                \t                \t<h3 class=\"edgtf-ib-title\" style=\"color: #000000\">\n\t                    \tSABBIATE\t                    <\/h3>\n\t                                                    <p class=\"edgtf-ib-text\" style=\"color: #000000;margin-top: 0px\">Le specchiere SABBIATE<\/p>\n                <a itemprop=\"url\" href=\"https:\/\/www.ribo-srl.it\/index.php\/le-specchiere-di-ribo-srl\/2023-specchiere-sabbiate\/\" target=\"_self\" style=\"color: #000000;text-transform: capitalize\" class=\"edgtf-btn edgtf-btn-medium edgtf-btn-simple edgtf-btn-with-arrow edgtf-btn-text-on-hover\"  >            <span class=\"edgtf-btn-text\">More<\/span>            <span class=\"edgtf-btn-arrow\">            <svg version=\"1.1\" id=\"btn-arrow-1071565711\" xmlns=\"http:\/\/www.w3.org\/2000\/svg\" xmlns:xlink=\"http:\/\/www.w3.org\/1999\/xlink\" x=\"0px\" y=\"0px\"                 width=\"18px\" height=\"4px\" viewBox=\"0 0 18 4\" enable-background=\"new 0 0 18 4\" xml:space=\"preserve\">            \t<polyline fill=\"none\" stroke=\"#323232\" stroke-miterlimit=\"10\" points=\"0,3.508 16.809,3.508 13.686,0.342 \"\/>            <\/svg>        <\/span>    <\/a>                <\/div>\n            <\/div>\n        <\/div>\n    <\/div>\n<\/div><\/div>[\/vc_column][\/vc_row][vc_row row_content_width=&#8221;grid&#8221;][vc_column]<div class=\"edgtf-link-section-holder edgtf-appear-fx\">\n    <div class=\"edgtf-link-section-title-holder\">\n        <h2 class=\"edgtf-link-section-title\" >\n    \t\t        <\/h2>\n    <\/div>\n            <div class=\"edgtf-single-link-section-holder\">\n                            <a href=\"https:\/\/www.ribo-srl.it\/index.php\/a-legenda-icone\/\" class=\"edgtf-link-section\" >\n                    <div class=\"edgtf-single-link-title-holder\">\n                        <h5 class=\"edgtf-single-link-title\" >\n                            Legenda Icone                        <\/h5>\n                    <\/div>\n                <\/a>\n                    <\/div>\n    <\/div>[\/vc_column][\/vc_row]<\/p>\n","protected":false},"excerpt":{"rendered":"<p>[vc_row row_content_width=&#8221;grid&#8221; disable_background_image=&#8221;&#8221; css=&#8221;.vc_custom_1695218913488{padding-top: 10px !important;padding-bottom: 100px !important;}&#8221; simple_background_image=&#8221;50&#8243;][vc_column][\/vc_column][\/vc_row][vc_row row_content_width=&#8221;grid&#8221;][vc_column][\/vc_column][\/vc_row]<\/p>\n","protected":false},"author":1,"featured_media":0,"parent":0,"menu_order":0,"comment_status":"closed","ping_status":"closed","template":"full-width.php","meta":{"footnotes":""},"yoast_head":"<!-- This site is optimized with the Yoast SEO plugin v22.5 - https:\/\/yoast.com\/wordpress\/plugins\/seo\/ -->\n<title>Le specchiere di Ribo&#039; srl - Ribo Srl<\/title>\n<meta name=\"robots\" content=\"index, follow, max-snippet:-1, max-image-preview:large, max-video-preview:-1\" \/>\n<link rel=\"canonical\" href=\"https:\/\/www.ribo-srl.it\/index.php\/le-specchiere-di-ribo-srl\/\" \/>\n<meta property=\"og:locale\" content=\"it_IT\" \/>\n<meta property=\"og:type\" content=\"article\" \/>\n<meta property=\"og:title\" content=\"Le specchiere di Ribo&#039; srl - Ribo Srl\" \/>\n<meta property=\"og:description\" content=\"[vc_row row_content_width=&#8221;grid&#8221; disable_background_image=&#8221;&#8221; css=&#8221;.vc_custom_1695218913488{padding-top: 10px !important;padding-bottom: 100px !important;}&#8221; simple_background_image=&#8221;50&#8243;][vc_column][\/vc_column][\/vc_row][vc_row row_content_width=&#8221;grid&#8221;][vc_column][\/vc_column][\/vc_row]\" \/>\n<meta property=\"og:url\" content=\"https:\/\/www.ribo-srl.it\/index.php\/le-specchiere-di-ribo-srl\/\" \/>\n<meta property=\"og:site_name\" content=\"Ribo Srl\" \/>\n<meta property=\"article:modified_time\" content=\"2023-10-04T13:43:29+00:00\" \/>\n<meta property=\"og:image\" content=\"https:\/\/www.ribo-srl.it\/wp-content\/uploads\/2023\/10\/presentazione.jpg\" \/>\n\t<meta property=\"og:image:width\" content=\"1200\" \/>\n\t<meta property=\"og:image:height\" content=\"675\" \/>\n\t<meta property=\"og:image:type\" content=\"image\/jpeg\" \/>\n<meta name=\"twitter:card\" content=\"summary_large_image\" \/>\n<meta name=\"twitter:label1\" content=\"Tempo di lettura stimato\" \/>\n\t<meta name=\"twitter:data1\" content=\"2 minuti\" \/>\n<script type=\"application\/ld+json\" class=\"yoast-schema-graph\">{\"@context\":\"https:\/\/schema.org\",\"@graph\":[{\"@type\":\"WebPage\",\"@id\":\"https:\/\/www.ribo-srl.it\/index.php\/le-specchiere-di-ribo-srl\/\",\"url\":\"https:\/\/www.ribo-srl.it\/index.php\/le-specchiere-di-ribo-srl\/\",\"name\":\"Le specchiere di Ribo' srl - Ribo Srl\",\"isPartOf\":{\"@id\":\"https:\/\/www.ribo-srl.it\/#website\"},\"datePublished\":\"2023-09-20T06:33:12+00:00\",\"dateModified\":\"2023-10-04T13:43:29+00:00\",\"breadcrumb\":{\"@id\":\"https:\/\/www.ribo-srl.it\/index.php\/le-specchiere-di-ribo-srl\/#breadcrumb\"},\"inLanguage\":\"it-IT\",\"potentialAction\":[{\"@type\":\"ReadAction\",\"target\":[\"https:\/\/www.ribo-srl.it\/index.php\/le-specchiere-di-ribo-srl\/\"]}]},{\"@type\":\"BreadcrumbList\",\"@id\":\"https:\/\/www.ribo-srl.it\/index.php\/le-specchiere-di-ribo-srl\/#breadcrumb\",\"itemListElement\":[{\"@type\":\"ListItem\",\"position\":1,\"name\":\"Home\",\"item\":\"https:\/\/www.ribo-srl.it\/\"},{\"@type\":\"ListItem\",\"position\":2,\"name\":\"Le specchiere di Ribo&#8217; srl\"}]},{\"@type\":\"WebSite\",\"@id\":\"https:\/\/www.ribo-srl.it\/#website\",\"url\":\"https:\/\/www.ribo-srl.it\/\",\"name\":\"Rib\u00f2 Srl\",\"description\":\"Specchiere e cornici in alluminio per arredamento\",\"publisher\":{\"@id\":\"https:\/\/www.ribo-srl.it\/#organization\"},\"alternateName\":\"Le specchiere in alluminio di Rib\u00f2 Srl a Pieve di Soligo\",\"potentialAction\":[{\"@type\":\"SearchAction\",\"target\":{\"@type\":\"EntryPoint\",\"urlTemplate\":\"https:\/\/www.ribo-srl.it\/?s={search_term_string}\"},\"query-input\":\"required name=search_term_string\"}],\"inLanguage\":\"it-IT\"},{\"@type\":\"Organization\",\"@id\":\"https:\/\/www.ribo-srl.it\/#organization\",\"name\":\"Rib\u00f2 Srl\",\"alternateName\":\"Le specchiere in alluminio di Rib\u00f2 Srl a Pieve di Soligo\",\"url\":\"https:\/\/www.ribo-srl.it\/\",\"logo\":{\"@type\":\"ImageObject\",\"inLanguage\":\"it-IT\",\"@id\":\"https:\/\/www.ribo-srl.it\/#\/schema\/logo\/image\/\",\"url\":\"https:\/\/www.ribo-srl.it\/wp-content\/uploads\/2020\/10\/LogoRibo.png\",\"contentUrl\":\"https:\/\/www.ribo-srl.it\/wp-content\/uploads\/2020\/10\/LogoRibo.png\",\"width\":200,\"height\":143,\"caption\":\"Rib\u00f2 Srl\"},\"image\":{\"@id\":\"https:\/\/www.ribo-srl.it\/#\/schema\/logo\/image\/\"}}]}<\/script>\n<!-- \/ Yoast SEO plugin. -->","yoast_head_json":{"title":"Le specchiere di Ribo' srl - Ribo Srl","robots":{"index":"index","follow":"follow","max-snippet":"max-snippet:-1","max-image-preview":"max-image-preview:large","max-video-preview":"max-video-preview:-1"},"canonical":"https:\/\/www.ribo-srl.it\/index.php\/le-specchiere-di-ribo-srl\/","og_locale":"it_IT","og_type":"article","og_title":"Le specchiere di Ribo' srl - Ribo Srl","og_description":"[vc_row row_content_width=&#8221;grid&#8221; disable_background_image=&#8221;&#8221; css=&#8221;.vc_custom_1695218913488{padding-top: 10px !important;padding-bottom: 100px !important;}&#8221; simple_background_image=&#8221;50&#8243;][vc_column][\/vc_column][\/vc_row][vc_row row_content_width=&#8221;grid&#8221;][vc_column][\/vc_column][\/vc_row]","og_url":"https:\/\/www.ribo-srl.it\/index.php\/le-specchiere-di-ribo-srl\/","og_site_name":"Ribo Srl","article_modified_time":"2023-10-04T13:43:29+00:00","og_image":[{"width":1200,"height":675,"url":"https:\/\/www.ribo-srl.it\/wp-content\/uploads\/2023\/10\/presentazione.jpg","type":"image\/jpeg"}],"twitter_card":"summary_large_image","twitter_misc":{"Tempo di lettura stimato":"2 minuti"},"schema":{"@context":"https:\/\/schema.org","@graph":[{"@type":"WebPage","@id":"https:\/\/www.ribo-srl.it\/index.php\/le-specchiere-di-ribo-srl\/","url":"https:\/\/www.ribo-srl.it\/index.php\/le-specchiere-di-ribo-srl\/","name":"Le specchiere di Ribo' srl - Ribo Srl","isPartOf":{"@id":"https:\/\/www.ribo-srl.it\/#website"},"datePublished":"2023-09-20T06:33:12+00:00","dateModified":"2023-10-04T13:43:29+00:00","breadcrumb":{"@id":"https:\/\/www.ribo-srl.it\/index.php\/le-specchiere-di-ribo-srl\/#breadcrumb"},"inLanguage":"it-IT","potentialAction":[{"@type":"ReadAction","target":["https:\/\/www.ribo-srl.it\/index.php\/le-specchiere-di-ribo-srl\/"]}]},{"@type":"BreadcrumbList","@id":"https:\/\/www.ribo-srl.it\/index.php\/le-specchiere-di-ribo-srl\/#breadcrumb","itemListElement":[{"@type":"ListItem","position":1,"name":"Home","item":"https:\/\/www.ribo-srl.it\/"},{"@type":"ListItem","position":2,"name":"Le specchiere di Ribo&#8217; srl"}]},{"@type":"WebSite","@id":"https:\/\/www.ribo-srl.it\/#website","url":"https:\/\/www.ribo-srl.it\/","name":"Rib\u00f2 Srl","description":"Specchiere e cornici in alluminio per arredamento","publisher":{"@id":"https:\/\/www.ribo-srl.it\/#organization"},"alternateName":"Le specchiere in alluminio di Rib\u00f2 Srl a Pieve di Soligo","potentialAction":[{"@type":"SearchAction","target":{"@type":"EntryPoint","urlTemplate":"https:\/\/www.ribo-srl.it\/?s={search_term_string}"},"query-input":"required name=search_term_string"}],"inLanguage":"it-IT"},{"@type":"Organization","@id":"https:\/\/www.ribo-srl.it\/#organization","name":"Rib\u00f2 Srl","alternateName":"Le specchiere in alluminio di Rib\u00f2 Srl a Pieve di Soligo","url":"https:\/\/www.ribo-srl.it\/","logo":{"@type":"ImageObject","inLanguage":"it-IT","@id":"https:\/\/www.ribo-srl.it\/#\/schema\/logo\/image\/","url":"https:\/\/www.ribo-srl.it\/wp-content\/uploads\/2020\/10\/LogoRibo.png","contentUrl":"https:\/\/www.ribo-srl.it\/wp-content\/uploads\/2020\/10\/LogoRibo.png","width":200,"height":143,"caption":"Rib\u00f2 Srl"},"image":{"@id":"https:\/\/www.ribo-srl.it\/#\/schema\/logo\/image\/"}}]}},"_links":{"self":[{"href":"https:\/\/www.ribo-srl.it\/index.php\/wp-json\/wp\/v2\/pages\/4960"}],"collection":[{"href":"https:\/\/www.ribo-srl.it\/index.php\/wp-json\/wp\/v2\/pages"}],"about":[{"href":"https:\/\/www.ribo-srl.it\/index.php\/wp-json\/wp\/v2\/types\/page"}],"author":[{"embeddable":true,"href":"https:\/\/www.ribo-srl.it\/index.php\/wp-json\/wp\/v2\/users\/1"}],"replies":[{"embeddable":true,"href":"https:\/\/www.ribo-srl.it\/index.php\/wp-json\/wp\/v2\/comments?post=4960"}],"version-history":[{"count":35,"href":"https:\/\/www.ribo-srl.it\/index.php\/wp-json\/wp\/v2\/pages\/4960\/revisions"}],"predecessor-version":[{"id":5573,"href":"https:\/\/www.ribo-srl.it\/index.php\/wp-json\/wp\/v2\/pages\/4960\/revisions\/5573"}],"wp:attachment":[{"href":"https:\/\/www.ribo-srl.it\/index.php\/wp-json\/wp\/v2\/media?parent=4960"}],"curies":[{"name":"wp","href":"https:\/\/api.w.org\/{rel}","templated":true}]}}